{"id":25,"date":"2025-09-02T16:30:47","date_gmt":"2025-09-02T16:30:47","guid":{"rendered":"https:\/\/siacrecer.com\/?page_id=25"},"modified":"2025-12-05T18:41:10","modified_gmt":"2025-12-05T18:41:10","slug":"aviso-legal","status":"publish","type":"page","link":"https:\/\/siacrecer.com\/?page_id=25","title":{"rendered":"Aviso Legal"},"content":{"rendered":"\n<p>Si a crecer se reserva expresamente el derecho a modificar el presente Aviso Legal. <\/p>\n\n\n\n<p>El usuario reconoce y acepta que es su responsabilidad revisar el Sitio Web y este Aviso Legal.<\/p>\n\n\n\n<p><br><strong>Aceptaci\u00f3n del usuario<br><\/strong><\/p>\n\n\n\n<p>El presente Aviso Legal regula el acceso y uso de la p\u00e1gina web si a crecer a disposici\u00f3n de los usuarios de Internet. Se entender\u00e1 por Usuario la persona que acceda, navegue, utilice o participe en los servicios y actividades del sitio web. El acceso y navegaci\u00f3n de un usuario implica la aceptaci\u00f3n sin reservas de este Aviso Legal.<\/p>\n\n\n\n<p><strong>DATOS IDENTIFICATIVOS<\/strong><\/p>\n\n\n\n<p>El responsable y titular de este sitio web es:<\/p>\n\n\n\n<ul class=\"wp-block-list\">\n<li><strong>Nombre:<\/strong> Susana Hidalgo Colmenero  <\/li>\n\n\n\n<li><strong>Domicilio Social: <\/strong>Calle Adri\u00e1tico <\/li>\n\n\n\n<li><strong>Actividad de la p\u00e1gina web<\/strong>: divulgaci\u00f3n de contenido informativo relativo a la opiniones y reviews sobre cursos online y recomendaci\u00f3n de productos mediante marketing de afiliaci\u00f3n.<\/li>\n\n\n\n<li><strong>Correo electr\u00f3nico<\/strong>: sushidalgocolmenero@gmail.com <\/li>\n<\/ul>\n\n\n\n<p>Los datos facilitados con tu consentimiento, ser\u00e1n incorporados a un fichero automatizado debidamente inscrito en la Agencia Espa\u00f1ola de Protecci\u00f3n de Datos, cuyo responsable es Susana Hidalgo Colmenero <\/p>\n\n\n\n<h3 class=\"wp-block-heading\">Uso de la p\u00e1gina web<\/h3>\n\n\n\n<p>-El usuario se compromete a utilizar Siacrecer , los contenidos y servicios de conformidad con la Ley, el presente Aviso Legal, las buenas costumbres y el orden p\u00fablico.<\/p>\n\n\n\n<p> -Asimismo, el Usuario se compromete a no utilizarlo con fines o efectos il\u00edcitos o contrarios al contenido del presente Aviso Legal, lesivos de los intereses o derechos de terceros, o que de cualquier forma puedan da\u00f1ar, inutilizar o deteriorar el sitio web o sus servicios o impedir el normal disfrute del sitio web por otros Usuarios.<\/p>\n\n\n\n<p><br>-El usuario se compromete a no obstaculizar el acceso de otros usuarios al servicio de acceso mediante el consumo masivo de los recursos inform\u00e1ticos a trav\u00e9s de los cuales se presta el servicio, as\u00ed como a realizar acciones que da\u00f1en, interrumpan o generen errores en dichos sistemas o servicios. <\/p>\n\n\n\n<p>-El usuario se compromete a hacer un uso adecuado de los contenidos y servicios y a no emplearlos para incurrir en actividades il\u00edcitas o contrarias a la buena fe.<\/p>\n\n\n\n<h3 class=\"wp-block-heading\">Limitaci\u00f3n de garant\u00edas y responsabilidad<\/h3>\n\n\n\n<p>Susana Hidalgo Colmenero se compromete a realizar los m\u00e1ximos esfuerzos para evitar cualquier error en los contenidos que pudieran aparecer en la Web. En cualquier caso, si a crecer quedar\u00e1 exenta de cualquier responsabilidad derivada de los errores en los contenidos que pudieran aparecer en la Web, siempre que no sean imputables a la misma.<\/p>\n\n\n\n<h3 class=\"wp-block-heading\">Propiedad intelectual e industrial. Todos los derechos reservados.<\/h3>\n\n\n\n<p>Todos los derechos de propiedad intelectual e industrial del sitio web as\u00ed como de sus contenidos (textos, im\u00e1genes, sonidos, audio, v\u00eddeo, dise\u00f1os, creatividades, software) pertenecen a Susana Hidalgo Colmenero <br>Queda expresamente prohibida la reproducci\u00f3n, distribuci\u00f3n y comunicaci\u00f3n p\u00fablica, incluida la forma en que se pone a disposici\u00f3n, de todo o parte de los contenidos de este sitio web con fines comerciales, en cualquier soporte y por cualquier medio t\u00e9cnico, sin autorizaci\u00f3n. <\/p>\n\n\n\n<p>El usuario se compromete a respetar los derechos de Propiedad Industrial e Intelectual titularidad de siacrecer y de terceros.<\/p>\n\n\n\n<p><br>El usuario podr\u00e1 visualizar todos los elementos, imprimirlos, copiarlos y almacenarlos en el disco duro de su ordenador o en cualquier otro soporte f\u00edsico siempre que sea, \u00fanica y exclusivamente, para su uso personal y privado, quedando, por tanto, terminantemente prohibida su utilizaci\u00f3n con fines comerciales, su distribuci\u00f3n, modificaci\u00f3n, alteraci\u00f3n o descompilaci\u00f3n.<\/p>\n\n\n\n<h3 class=\"wp-block-heading\">Responsabilidad por los contenidos y enlaces de terceros<\/h3>\n\n\n\n<p>Susana Hidalgo Colmenero no se responsabiliza de la legalidad de las p\u00e1ginas web de terceros desde las que se pueda acceder al portal. Susana tampoco se responsabiliza de la legalidad de las p\u00e1ginas web de terceros a las que se pueda enlazar desde este portal.<\/p>\n\n\n\n<p><br>Susana no ser\u00e1 responsable del uso que terceros hagan de la informaci\u00f3n publicada en el portal, ni de los da\u00f1os o perjuicios econ\u00f3micos que, directa o indirectamente, produzcan o puedan producir da\u00f1os econ\u00f3micos, materiales o de datos causados por el uso de dicha informaci\u00f3n.<\/p>\n\n\n\n<h3 class=\"wp-block-heading\">Derecho aplicable<\/h3>\n\n\n\n<p>La legislaci\u00f3n aplicable en caso de litigio o conflicto de interpretaci\u00f3n de los t\u00e9rminos que integran el presente aviso legal, as\u00ed como cualquier cuesti\u00f3n relacionada con los servicios de este portal, ser\u00e1 la legislaci\u00f3n espa\u00f1ola.<\/p>\n","protected":false},"excerpt":{"rendered":"<p>Si a crecer se reserva expresamente el derecho a modificar el presente Aviso Legal. El usuario reconoce y acepta que es su responsabilidad revisar el Sitio Web y este Aviso Legal. Aceptaci\u00f3n del usuario El presente Aviso Legal regula el acceso y uso de la p\u00e1gina web si a crecer a disposici\u00f3n de los usuarios [&hellip;]<\/p>\n","protected":false},"author":1,"featured_media":0,"parent":0,"menu_order":0,"comment_status":"closed","ping_status":"closed","template":"","meta":{"footnotes":""},"class_list":["post-25","page","type-page","status-publish","hentry"],"yoast_head":"<!-- This site is optimized with the Yoast SEO plugin v26.0 - https:\/\/yoast.com\/wordpress\/plugins\/seo\/ -->\n<title>Informaci\u00f3n legal y condiciones de uso de este sitio web<\/title>\n<meta name=\"description\" content=\"Consulta el aviso legal de S\u00ed a Crecer. Conoce la informaci\u00f3n sobre el responsable del sitio web, condiciones de uso, derechos de propiedad.\" \/>\n<meta name=\"robots\" content=\"noindex, nofollow\" \/>\n<meta property=\"og:locale\" content=\"es_ES\" \/>\n<meta property=\"og:type\" content=\"article\" \/>\n<meta property=\"og:title\" content=\"Informaci\u00f3n legal y condiciones de uso de este sitio web\" \/>\n<meta property=\"og:description\" content=\"Consulta el aviso legal de S\u00ed a Crecer. Conoce la informaci\u00f3n sobre el responsable del sitio web, condiciones de uso, derechos de propiedad.\" \/>\n<meta property=\"og:url\" content=\"https:\/\/siacrecer.com\/?page_id=25\" \/>\n<meta property=\"og:site_name\" content=\"Si a cecer\" \/>\n<meta property=\"article:modified_time\" content=\"2025-12-05T18:41:10+00:00\" \/>\n<meta name=\"twitter:card\" content=\"summary_large_image\" \/>\n<meta name=\"twitter:label1\" content=\"Tiempo de lectura\" \/>\n\t<meta name=\"twitter:data1\" content=\"4 minutos\" \/>\n<script type=\"application\/ld+json\" class=\"yoast-schema-graph\">{\"@context\":\"https:\/\/schema.org\",\"@graph\":[{\"@type\":\"WebPage\",\"@id\":\"https:\/\/siacrecer.com\/?page_id=25\",\"url\":\"https:\/\/siacrecer.com\/?page_id=25\",\"name\":\"Informaci\u00f3n legal y condiciones de uso de este sitio web\",\"isPartOf\":{\"@id\":\"http:\/\/siacrecer.com\/#website\"},\"datePublished\":\"2025-09-02T16:30:47+00:00\",\"dateModified\":\"2025-12-05T18:41:10+00:00\",\"description\":\"Consulta el aviso legal de S\u00ed a Crecer. Conoce la informaci\u00f3n sobre el responsable del sitio web, condiciones de uso, derechos de propiedad.\",\"breadcrumb\":{\"@id\":\"https:\/\/siacrecer.com\/?page_id=25#breadcrumb\"},\"inLanguage\":\"es\",\"potentialAction\":[{\"@type\":\"ReadAction\",\"target\":[\"https:\/\/siacrecer.com\/?page_id=25\"]}]},{\"@type\":\"BreadcrumbList\",\"@id\":\"https:\/\/siacrecer.com\/?page_id=25#breadcrumb\",\"itemListElement\":[{\"@type\":\"ListItem\",\"position\":1,\"name\":\"Portada\",\"item\":\"http:\/\/siacrecer.com\/\"},{\"@type\":\"ListItem\",\"position\":2,\"name\":\"Aviso Legal\"}]},{\"@type\":\"WebSite\",\"@id\":\"http:\/\/siacrecer.com\/#website\",\"url\":\"http:\/\/siacrecer.com\/\",\"name\":\"Si a crecer\",\"description\":\"Conocimiento que impulsa\",\"publisher\":{\"@id\":\"http:\/\/siacrecer.com\/#\/schema\/person\/c107e37cc6d8118fecaba4036f51664c\"},\"potentialAction\":[{\"@type\":\"SearchAction\",\"target\":{\"@type\":\"EntryPoint\",\"urlTemplate\":\"http:\/\/siacrecer.com\/?s={search_term_string}\"},\"query-input\":{\"@type\":\"PropertyValueSpecification\",\"valueRequired\":true,\"valueName\":\"search_term_string\"}}],\"inLanguage\":\"es\"},{\"@type\":[\"Person\",\"Organization\"],\"@id\":\"http:\/\/siacrecer.com\/#\/schema\/person\/c107e37cc6d8118fecaba4036f51664c\",\"name\":\"admin\",\"image\":{\"@type\":\"ImageObject\",\"inLanguage\":\"es\",\"@id\":\"http:\/\/siacrecer.com\/#\/schema\/person\/image\/\",\"url\":\"https:\/\/siacrecer.com\/wp-content\/uploads\/2025\/09\/Black-and-White-Retro-Y2K-Streetwear-Clothing-Logo.png\",\"contentUrl\":\"https:\/\/siacrecer.com\/wp-content\/uploads\/2025\/09\/Black-and-White-Retro-Y2K-Streetwear-Clothing-Logo.png\",\"width\":500,\"height\":500,\"caption\":\"admin\"},\"logo\":{\"@id\":\"http:\/\/siacrecer.com\/#\/schema\/person\/image\/\"},\"description\":\"Hola! Mi nombre es Susana. Trabajo cada d\u00eda con la meta de construir una vida 100% online que me permita viajar, conocer el mundo y vivir con libertad. Mi objetivo es inspirar a otras personas a descubrir que ellas tambi\u00e9n pueden crear su propio camino y aprovechar las oportunidades digitales! \ud83d\udcaa\ud83e\ude84\",\"sameAs\":[\"http:\/\/siacrecer.com\"]}]}<\/script>\n<!-- \/ Yoast SEO plugin. -->","yoast_head_json":{"title":"Informaci\u00f3n legal y condiciones de uso de este sitio web","description":"Consulta el aviso legal de S\u00ed a Crecer. Conoce la informaci\u00f3n sobre el responsable del sitio web, condiciones de uso, derechos de propiedad.","robots":{"index":"noindex","follow":"nofollow"},"og_locale":"es_ES","og_type":"article","og_title":"Informaci\u00f3n legal y condiciones de uso de este sitio web","og_description":"Consulta el aviso legal de S\u00ed a Crecer. Conoce la informaci\u00f3n sobre el responsable del sitio web, condiciones de uso, derechos de propiedad.","og_url":"https:\/\/siacrecer.com\/?page_id=25","og_site_name":"Si a cecer","article_modified_time":"2025-12-05T18:41:10+00:00","twitter_card":"summary_large_image","twitter_misc":{"Tiempo de lectura":"4 minutos"},"schema":{"@context":"https:\/\/schema.org","@graph":[{"@type":"WebPage","@id":"https:\/\/siacrecer.com\/?page_id=25","url":"https:\/\/siacrecer.com\/?page_id=25","name":"Informaci\u00f3n legal y condiciones de uso de este sitio web","isPartOf":{"@id":"http:\/\/siacrecer.com\/#website"},"datePublished":"2025-09-02T16:30:47+00:00","dateModified":"2025-12-05T18:41:10+00:00","description":"Consulta el aviso legal de S\u00ed a Crecer. Conoce la informaci\u00f3n sobre el responsable del sitio web, condiciones de uso, derechos de propiedad.","breadcrumb":{"@id":"https:\/\/siacrecer.com\/?page_id=25#breadcrumb"},"inLanguage":"es","potentialAction":[{"@type":"ReadAction","target":["https:\/\/siacrecer.com\/?page_id=25"]}]},{"@type":"BreadcrumbList","@id":"https:\/\/siacrecer.com\/?page_id=25#breadcrumb","itemListElement":[{"@type":"ListItem","position":1,"name":"Portada","item":"http:\/\/siacrecer.com\/"},{"@type":"ListItem","position":2,"name":"Aviso Legal"}]},{"@type":"WebSite","@id":"http:\/\/siacrecer.com\/#website","url":"http:\/\/siacrecer.com\/","name":"Si a crecer","description":"Conocimiento que impulsa","publisher":{"@id":"http:\/\/siacrecer.com\/#\/schema\/person\/c107e37cc6d8118fecaba4036f51664c"},"potentialAction":[{"@type":"SearchAction","target":{"@type":"EntryPoint","urlTemplate":"http:\/\/siacrecer.com\/?s={search_term_string}"},"query-input":{"@type":"PropertyValueSpecification","valueRequired":true,"valueName":"search_term_string"}}],"inLanguage":"es"},{"@type":["Person","Organization"],"@id":"http:\/\/siacrecer.com\/#\/schema\/person\/c107e37cc6d8118fecaba4036f51664c","name":"admin","image":{"@type":"ImageObject","inLanguage":"es","@id":"http:\/\/siacrecer.com\/#\/schema\/person\/image\/","url":"https:\/\/siacrecer.com\/wp-content\/uploads\/2025\/09\/Black-and-White-Retro-Y2K-Streetwear-Clothing-Logo.png","contentUrl":"https:\/\/siacrecer.com\/wp-content\/uploads\/2025\/09\/Black-and-White-Retro-Y2K-Streetwear-Clothing-Logo.png","width":500,"height":500,"caption":"admin"},"logo":{"@id":"http:\/\/siacrecer.com\/#\/schema\/person\/image\/"},"description":"Hola! Mi nombre es Susana. Trabajo cada d\u00eda con la meta de construir una vida 100% online que me permita viajar, conocer el mundo y vivir con libertad. Mi objetivo es inspirar a otras personas a descubrir que ellas tambi\u00e9n pueden crear su propio camino y aprovechar las oportunidades digitales! \ud83d\udcaa\ud83e\ude84","sameAs":["http:\/\/siacrecer.com"]}]}},"_links":{"self":[{"href":"https:\/\/siacrecer.com\/index.php?rest_route=\/wp\/v2\/pages\/25","targetHints":{"allow":["GET"]}}],"collection":[{"href":"https:\/\/siacrecer.com\/index.php?rest_route=\/wp\/v2\/pages"}],"about":[{"href":"https:\/\/siacrecer.com\/index.php?rest_route=\/wp\/v2\/types\/page"}],"author":[{"embeddable":true,"href":"https:\/\/siacrecer.com\/index.php?rest_route=\/wp\/v2\/users\/1"}],"replies":[{"embeddable":true,"href":"https:\/\/siacrecer.com\/index.php?rest_route=%2Fwp%2Fv2%2Fcomments&post=25"}],"version-history":[{"count":5,"href":"https:\/\/siacrecer.com\/index.php?rest_route=\/wp\/v2\/pages\/25\/revisions"}],"predecessor-version":[{"id":237,"href":"https:\/\/siacrecer.com\/index.php?rest_route=\/wp\/v2\/pages\/25\/revisions\/237"}],"wp:attachment":[{"href":"https:\/\/siacrecer.com\/index.php?rest_route=%2Fwp%2Fv2%2Fmedia&parent=25"}],"curies":[{"name":"wp","href":"https:\/\/api.w.org\/{rel}","templated":true}]}}